{"id":214,"date":"2017-01-27T17:19:54","date_gmt":"2017-01-27T17:19:54","guid":{"rendered":"https:\/\/grupospconsult.com.br\/?page_id=214"},"modified":"2023-11-08T01:59:50","modified_gmt":"2023-11-08T01:59:50","slug":"unidade-belo-horizonte","status":"publish","type":"page","link":"https:\/\/grupospconsult.com.br\/?page_id=214","title":{"rendered":"Unidade Belo Horizonte &#8211; MG"},"content":{"rendered":"\t\t<div data-elementor-type=\"wp-page\" data-elementor-id=\"214\" class=\"elementor elementor-214\">\n\t\t\t\t\t\t<section class=\"elementor-section elementor-top-section elementor-element elementor-element-5745a1a elementor-section-boxed elementor-section-height-default elementor-section-height-default\" data-id=\"5745a1a\" data-element_type=\"section\" data-e-type=\"section\">\n\t\t\t\t\t\t<div class=\"elementor-container elementor-column-gap-default\">\n\t\t\t\t\t<div class=\"elementor-column elementor-col-100 elementor-top-column elementor-element elementor-element-463371c\" data-id=\"463371c\" data-element_type=\"column\" data-e-type=\"column\">\n\t\t\t<div class=\"elementor-widget-wrap elementor-element-populated\">\n\t\t\t\t\t\t<div class=\"elementor-element elementor-element-d069b58 elementor-widget elementor-widget-google_maps\" data-id=\"d069b58\" data-element_type=\"widget\" data-e-type=\"widget\" data-widget_type=\"google_maps.default\">\n\t\t\t\t<div class=\"elementor-widget-container\">\n\t\t\t\t\t\t\t<div class=\"elementor-custom-embed\">\n\t\t\t<iframe loading=\"lazy\"\n\t\t\t\t\tsrc=\"https:\/\/maps.google.com\/maps?q=Avenida%20do%20Contorno%2C%206594%20-%207%C2%BA%2C%2016%C2%BA%20e%2017%C2%BA%20andar%20-%20CEP%2030.110-044&#038;t=m&#038;z=20&#038;output=embed&#038;iwloc=near\"\n\t\t\t\t\ttitle=\"Avenida do Contorno, 6594 - 7\u00ba, 16\u00ba e 17\u00ba andar - CEP 30.110-044\"\n\t\t\t\t\taria-label=\"Avenida do Contorno, 6594 - 7\u00ba, 16\u00ba e 17\u00ba andar - CEP 30.110-044\"\n\t\t\t><\/iframe>\n\t\t<\/div>\n\t\t\t\t\t\t<\/div>\n\t\t\t\t<\/div>\n\t\t\t\t\t<\/div>\n\t\t<\/div>\n\t\t\t\t\t<\/div>\n\t\t<\/section>\n\t\t\t\t<\/div>\n\t\t","protected":false},"excerpt":{"rendered":"","protected":false},"author":1,"featured_media":0,"parent":123,"menu_order":0,"comment_status":"closed","ping_status":"closed","template":"","meta":{"footnotes":""},"class_list":["post-214","page","type-page","status-publish","hentry"],"yoast_head":"<!-- This site is optimized with the Yoast SEO plugin v27.4 - https:\/\/yoast.com\/product\/yoast-seo-wordpress\/ -->\n<title>Unidade Belo Horizonte - MG | SP Consult<\/title>\n<meta name=\"robots\" content=\"index, follow, max-snippet:-1, max-image-preview:large, max-video-preview:-1\" \/>\n<link rel=\"canonical\" href=\"https:\/\/grupospconsult.com.br\/?page_id=214\" \/>\n<meta property=\"og:locale\" content=\"pt_BR\" \/>\n<meta property=\"og:type\" content=\"article\" \/>\n<meta property=\"og:title\" content=\"Unidade Belo Horizonte - MG | SP Consult\" \/>\n<meta property=\"og:url\" content=\"https:\/\/grupospconsult.com.br\/?page_id=214\" \/>\n<meta property=\"og:site_name\" content=\"SP Consult\" \/>\n<meta property=\"article:modified_time\" content=\"2023-11-08T01:59:50+00:00\" \/>\n<meta name=\"twitter:card\" content=\"summary_large_image\" \/>\n<script type=\"application\/ld+json\" class=\"yoast-schema-graph\">{\"@context\":\"https:\\\/\\\/schema.org\",\"@graph\":[{\"@type\":\"WebPage\",\"@id\":\"https:\\\/\\\/grupospconsult.com.br\\\/?page_id=214\",\"url\":\"https:\\\/\\\/grupospconsult.com.br\\\/?page_id=214\",\"name\":\"Unidade Belo Horizonte - MG | SP Consult\",\"isPartOf\":{\"@id\":\"https:\\\/\\\/grupospconsult.com.br\\\/#website\"},\"datePublished\":\"2017-01-27T17:19:54+00:00\",\"dateModified\":\"2023-11-08T01:59:50+00:00\",\"breadcrumb\":{\"@id\":\"https:\\\/\\\/grupospconsult.com.br\\\/?page_id=214#breadcrumb\"},\"inLanguage\":\"pt-BR\",\"potentialAction\":[{\"@type\":\"ReadAction\",\"target\":[\"https:\\\/\\\/grupospconsult.com.br\\\/?page_id=214\"]}]},{\"@type\":\"BreadcrumbList\",\"@id\":\"https:\\\/\\\/grupospconsult.com.br\\\/?page_id=214#breadcrumb\",\"itemListElement\":[{\"@type\":\"ListItem\",\"position\":1,\"name\":\"In\u00edcio\",\"item\":\"https:\\\/\\\/grupospconsult.com.br\\\/\"},{\"@type\":\"ListItem\",\"position\":2,\"name\":\"Fale Conosco\",\"item\":\"https:\\\/\\\/grupospconsult.com.br\\\/?page_id=21\"},{\"@type\":\"ListItem\",\"position\":3,\"name\":\"Unidades\",\"item\":\"https:\\\/\\\/grupospconsult.com.br\\\/?page_id=123\"},{\"@type\":\"ListItem\",\"position\":4,\"name\":\"Unidade Belo Horizonte &#8211; MG\"}]},{\"@type\":\"WebSite\",\"@id\":\"https:\\\/\\\/grupospconsult.com.br\\\/#website\",\"url\":\"https:\\\/\\\/grupospconsult.com.br\\\/\",\"name\":\"SP Consult\",\"description\":\"Legaliza\u00e7\u00e3o imobili\u00e1ria\",\"potentialAction\":[{\"@type\":\"SearchAction\",\"target\":{\"@type\":\"EntryPoint\",\"urlTemplate\":\"https:\\\/\\\/grupospconsult.com.br\\\/?s={search_term_string}\"},\"query-input\":{\"@type\":\"PropertyValueSpecification\",\"valueRequired\":true,\"valueName\":\"search_term_string\"}}],\"inLanguage\":\"pt-BR\"}]}<\/script>\n<!-- \/ Yoast SEO plugin. -->","yoast_head_json":{"title":"Unidade Belo Horizonte - MG | SP Consult","robots":{"index":"index","follow":"follow","max-snippet":"max-snippet:-1","max-image-preview":"max-image-preview:large","max-video-preview":"max-video-preview:-1"},"canonical":"https:\/\/grupospconsult.com.br\/?page_id=214","og_locale":"pt_BR","og_type":"article","og_title":"Unidade Belo Horizonte - MG | SP Consult","og_url":"https:\/\/grupospconsult.com.br\/?page_id=214","og_site_name":"SP Consult","article_modified_time":"2023-11-08T01:59:50+00:00","twitter_card":"summary_large_image","schema":{"@context":"https:\/\/schema.org","@graph":[{"@type":"WebPage","@id":"https:\/\/grupospconsult.com.br\/?page_id=214","url":"https:\/\/grupospconsult.com.br\/?page_id=214","name":"Unidade Belo Horizonte - MG | SP Consult","isPartOf":{"@id":"https:\/\/grupospconsult.com.br\/#website"},"datePublished":"2017-01-27T17:19:54+00:00","dateModified":"2023-11-08T01:59:50+00:00","breadcrumb":{"@id":"https:\/\/grupospconsult.com.br\/?page_id=214#breadcrumb"},"inLanguage":"pt-BR","potentialAction":[{"@type":"ReadAction","target":["https:\/\/grupospconsult.com.br\/?page_id=214"]}]},{"@type":"BreadcrumbList","@id":"https:\/\/grupospconsult.com.br\/?page_id=214#breadcrumb","itemListElement":[{"@type":"ListItem","position":1,"name":"In\u00edcio","item":"https:\/\/grupospconsult.com.br\/"},{"@type":"ListItem","position":2,"name":"Fale Conosco","item":"https:\/\/grupospconsult.com.br\/?page_id=21"},{"@type":"ListItem","position":3,"name":"Unidades","item":"https:\/\/grupospconsult.com.br\/?page_id=123"},{"@type":"ListItem","position":4,"name":"Unidade Belo Horizonte &#8211; MG"}]},{"@type":"WebSite","@id":"https:\/\/grupospconsult.com.br\/#website","url":"https:\/\/grupospconsult.com.br\/","name":"SP Consult","description":"Legaliza\u00e7\u00e3o imobili\u00e1ria","potentialAction":[{"@type":"SearchAction","target":{"@type":"EntryPoint","urlTemplate":"https:\/\/grupospconsult.com.br\/?s={search_term_string}"},"query-input":{"@type":"PropertyValueSpecification","valueRequired":true,"valueName":"search_term_string"}}],"inLanguage":"pt-BR"}]}},"_links":{"self":[{"href":"https:\/\/grupospconsult.com.br\/index.php?rest_route=\/wp\/v2\/pages\/214","targetHints":{"allow":["GET"]}}],"collection":[{"href":"https:\/\/grupospconsult.com.br\/index.php?rest_route=\/wp\/v2\/pages"}],"about":[{"href":"https:\/\/grupospconsult.com.br\/index.php?rest_route=\/wp\/v2\/types\/page"}],"author":[{"embeddable":true,"href":"https:\/\/grupospconsult.com.br\/index.php?rest_route=\/wp\/v2\/users\/1"}],"replies":[{"embeddable":true,"href":"https:\/\/grupospconsult.com.br\/index.php?rest_route=%2Fwp%2Fv2%2Fcomments&post=214"}],"version-history":[{"count":6,"href":"https:\/\/grupospconsult.com.br\/index.php?rest_route=\/wp\/v2\/pages\/214\/revisions"}],"predecessor-version":[{"id":7370,"href":"https:\/\/grupospconsult.com.br\/index.php?rest_route=\/wp\/v2\/pages\/214\/revisions\/7370"}],"up":[{"embeddable":true,"href":"https:\/\/grupospconsult.com.br\/index.php?rest_route=\/wp\/v2\/pages\/123"}],"wp:attachment":[{"href":"https:\/\/grupospconsult.com.br\/index.php?rest_route=%2Fwp%2Fv2%2Fmedia&parent=214"}],"curies":[{"name":"wp","href":"https:\/\/api.w.org\/{rel}","templated":true}]}}