{"id":212,"date":"2017-01-27T17:18:56","date_gmt":"2017-01-27T17:18:56","guid":{"rendered":"https:\/\/grupospconsult.com.br\/?page_id=212"},"modified":"2021-01-18T18:42:51","modified_gmt":"2021-01-18T18:42:51","slug":"unidade-rio-de-janeiro","status":"publish","type":"page","link":"https:\/\/grupospconsult.com.br\/?page_id=212","title":{"rendered":"Unidade Rio de Janeiro &#8211; RJ"},"content":{"rendered":"<p><iframe src=\"https:\/\/www.google.com\/maps\/embed?pb=!1m18!1m12!1m3!1d3675.2872424773354!2d-43.182676885484824!3d-22.902773785013864!2m3!1f0!2f0!3f0!3m2!1i1024!2i768!4f13.1!3m3!1m2!1s0x997f5c347cebbf%3A0x235dea3676250839!2sR.%20da%20Alf%C3%A2ndega%2C%20115%20-%20Centro%2C%20Rio%20de%20Janeiro%20-%20RJ%2C%2020070-003!5e0!3m2!1sen!2sbr!4v1610995303827!5m2!1sen!2sbr\" width=\"800\" height=\"350\" frameborder=\"0\" style=\"border:0;\" allowfullscreen=\"\" aria-hidden=\"false\" tabindex=\"0\"><\/iframe><\/p>\n<p>Rua da Alf\u00e2ndega, 115 sala 607<br \/>\nCentro \u2013Rio de Janeiro \u2013 RJ<br \/>\n<a href=\"tel:2125533705\">21 2553.3705<\/a><\/p>\n","protected":false},"excerpt":{"rendered":"<p>Rua da Alf\u00e2ndega, 115 sala 607 Centro \u2013Rio de Janeiro \u2013 RJ 21 2553.3705<\/p>\n","protected":false},"author":1,"featured_media":0,"parent":123,"menu_order":0,"comment_status":"closed","ping_status":"closed","template":"","meta":{"footnotes":""},"class_list":["post-212","page","type-page","status-publish","hentry"],"yoast_head":"<!-- This site is optimized with the Yoast SEO plugin v27.4 - https:\/\/yoast.com\/product\/yoast-seo-wordpress\/ -->\n<title>Unidade Rio de Janeiro - RJ | SP Consult<\/title>\n<meta name=\"robots\" content=\"index, follow, max-snippet:-1, max-image-preview:large, max-video-preview:-1\" \/>\n<link rel=\"canonical\" href=\"https:\/\/grupospconsult.com.br\/?page_id=212\" \/>\n<meta property=\"og:locale\" content=\"pt_BR\" \/>\n<meta property=\"og:type\" content=\"article\" \/>\n<meta property=\"og:title\" content=\"Unidade Rio de Janeiro - RJ | SP Consult\" \/>\n<meta property=\"og:description\" content=\"Rua da Alf\u00e2ndega, 115 sala 607 Centro \u2013Rio de Janeiro \u2013 RJ 21 2553.3705\" \/>\n<meta property=\"og:url\" content=\"https:\/\/grupospconsult.com.br\/?page_id=212\" \/>\n<meta property=\"og:site_name\" content=\"SP Consult\" \/>\n<meta property=\"article:modified_time\" content=\"2021-01-18T18:42:51+00:00\" \/>\n<meta name=\"twitter:card\" content=\"summary_large_image\" \/>\n<script type=\"application\/ld+json\" class=\"yoast-schema-graph\">{\"@context\":\"https:\\\/\\\/schema.org\",\"@graph\":[{\"@type\":\"WebPage\",\"@id\":\"https:\\\/\\\/grupospconsult.com.br\\\/?page_id=212\",\"url\":\"https:\\\/\\\/grupospconsult.com.br\\\/?page_id=212\",\"name\":\"Unidade Rio de Janeiro - RJ | SP Consult\",\"isPartOf\":{\"@id\":\"https:\\\/\\\/grupospconsult.com.br\\\/#website\"},\"datePublished\":\"2017-01-27T17:18:56+00:00\",\"dateModified\":\"2021-01-18T18:42:51+00:00\",\"breadcrumb\":{\"@id\":\"https:\\\/\\\/grupospconsult.com.br\\\/?page_id=212#breadcrumb\"},\"inLanguage\":\"pt-BR\",\"potentialAction\":[{\"@type\":\"ReadAction\",\"target\":[\"https:\\\/\\\/grupospconsult.com.br\\\/?page_id=212\"]}]},{\"@type\":\"BreadcrumbList\",\"@id\":\"https:\\\/\\\/grupospconsult.com.br\\\/?page_id=212#breadcrumb\",\"itemListElement\":[{\"@type\":\"ListItem\",\"position\":1,\"name\":\"In\u00edcio\",\"item\":\"https:\\\/\\\/grupospconsult.com.br\\\/\"},{\"@type\":\"ListItem\",\"position\":2,\"name\":\"Fale Conosco\",\"item\":\"https:\\\/\\\/grupospconsult.com.br\\\/?page_id=21\"},{\"@type\":\"ListItem\",\"position\":3,\"name\":\"Unidades\",\"item\":\"https:\\\/\\\/grupospconsult.com.br\\\/?page_id=123\"},{\"@type\":\"ListItem\",\"position\":4,\"name\":\"Unidade Rio de Janeiro &#8211; RJ\"}]},{\"@type\":\"WebSite\",\"@id\":\"https:\\\/\\\/grupospconsult.com.br\\\/#website\",\"url\":\"https:\\\/\\\/grupospconsult.com.br\\\/\",\"name\":\"SP Consult\",\"description\":\"Legaliza\u00e7\u00e3o imobili\u00e1ria\",\"potentialAction\":[{\"@type\":\"SearchAction\",\"target\":{\"@type\":\"EntryPoint\",\"urlTemplate\":\"https:\\\/\\\/grupospconsult.com.br\\\/?s={search_term_string}\"},\"query-input\":{\"@type\":\"PropertyValueSpecification\",\"valueRequired\":true,\"valueName\":\"search_term_string\"}}],\"inLanguage\":\"pt-BR\"}]}<\/script>\n<!-- \/ Yoast SEO plugin. -->","yoast_head_json":{"title":"Unidade Rio de Janeiro - RJ | SP Consult","robots":{"index":"index","follow":"follow","max-snippet":"max-snippet:-1","max-image-preview":"max-image-preview:large","max-video-preview":"max-video-preview:-1"},"canonical":"https:\/\/grupospconsult.com.br\/?page_id=212","og_locale":"pt_BR","og_type":"article","og_title":"Unidade Rio de Janeiro - RJ | SP Consult","og_description":"Rua da Alf\u00e2ndega, 115 sala 607 Centro \u2013Rio de Janeiro \u2013 RJ 21 2553.3705","og_url":"https:\/\/grupospconsult.com.br\/?page_id=212","og_site_name":"SP Consult","article_modified_time":"2021-01-18T18:42:51+00:00","twitter_card":"summary_large_image","schema":{"@context":"https:\/\/schema.org","@graph":[{"@type":"WebPage","@id":"https:\/\/grupospconsult.com.br\/?page_id=212","url":"https:\/\/grupospconsult.com.br\/?page_id=212","name":"Unidade Rio de Janeiro - RJ | SP Consult","isPartOf":{"@id":"https:\/\/grupospconsult.com.br\/#website"},"datePublished":"2017-01-27T17:18:56+00:00","dateModified":"2021-01-18T18:42:51+00:00","breadcrumb":{"@id":"https:\/\/grupospconsult.com.br\/?page_id=212#breadcrumb"},"inLanguage":"pt-BR","potentialAction":[{"@type":"ReadAction","target":["https:\/\/grupospconsult.com.br\/?page_id=212"]}]},{"@type":"BreadcrumbList","@id":"https:\/\/grupospconsult.com.br\/?page_id=212#breadcrumb","itemListElement":[{"@type":"ListItem","position":1,"name":"In\u00edcio","item":"https:\/\/grupospconsult.com.br\/"},{"@type":"ListItem","position":2,"name":"Fale Conosco","item":"https:\/\/grupospconsult.com.br\/?page_id=21"},{"@type":"ListItem","position":3,"name":"Unidades","item":"https:\/\/grupospconsult.com.br\/?page_id=123"},{"@type":"ListItem","position":4,"name":"Unidade Rio de Janeiro &#8211; RJ"}]},{"@type":"WebSite","@id":"https:\/\/grupospconsult.com.br\/#website","url":"https:\/\/grupospconsult.com.br\/","name":"SP Consult","description":"Legaliza\u00e7\u00e3o imobili\u00e1ria","potentialAction":[{"@type":"SearchAction","target":{"@type":"EntryPoint","urlTemplate":"https:\/\/grupospconsult.com.br\/?s={search_term_string}"},"query-input":{"@type":"PropertyValueSpecification","valueRequired":true,"valueName":"search_term_string"}}],"inLanguage":"pt-BR"}]}},"_links":{"self":[{"href":"https:\/\/grupospconsult.com.br\/index.php?rest_route=\/wp\/v2\/pages\/212","targetHints":{"allow":["GET"]}}],"collection":[{"href":"https:\/\/grupospconsult.com.br\/index.php?rest_route=\/wp\/v2\/pages"}],"about":[{"href":"https:\/\/grupospconsult.com.br\/index.php?rest_route=\/wp\/v2\/types\/page"}],"author":[{"embeddable":true,"href":"https:\/\/grupospconsult.com.br\/index.php?rest_route=\/wp\/v2\/users\/1"}],"replies":[{"embeddable":true,"href":"https:\/\/grupospconsult.com.br\/index.php?rest_route=%2Fwp%2Fv2%2Fcomments&post=212"}],"version-history":[{"count":4,"href":"https:\/\/grupospconsult.com.br\/index.php?rest_route=\/wp\/v2\/pages\/212\/revisions"}],"predecessor-version":[{"id":2738,"href":"https:\/\/grupospconsult.com.br\/index.php?rest_route=\/wp\/v2\/pages\/212\/revisions\/2738"}],"up":[{"embeddable":true,"href":"https:\/\/grupospconsult.com.br\/index.php?rest_route=\/wp\/v2\/pages\/123"}],"wp:attachment":[{"href":"https:\/\/grupospconsult.com.br\/index.php?rest_route=%2Fwp%2Fv2%2Fmedia&parent=212"}],"curies":[{"name":"wp","href":"https:\/\/api.w.org\/{rel}","templated":true}]}}