{"id":13,"date":"2016-12-12T18:27:11","date_gmt":"2016-12-12T18:27:11","guid":{"rendered":"http:\/\/localhost\/www\/spconsult\/?page_id=13"},"modified":"2021-06-23T14:53:39","modified_gmt":"2021-06-23T14:53:39","slug":"sobre-nos","status":"publish","type":"page","link":"https:\/\/grupospconsult.com.br\/?page_id=13","title":{"rendered":"Sobre n\u00f3s"},"content":{"rendered":"<p>O <strong>Grupo SPConsult<\/strong> atua desde 2006 com assessoria t\u00e9cnica em legaliza\u00e7\u00e3o imobili\u00e1ria. Nestes mais de 15 anos, a empresa consolidou-se como refer\u00eancia no mercado imobili\u00e1rio no que se refere a atendimento pautado na responsabilidade, agilidade e a qualidade t\u00e9cnica, diferenciais imprescind\u00edveis para que o nosso cliente sempre esteja com o seu im\u00f3vel em conformidade com a legisla\u00e7\u00e3o e apto a exercer as suas atividades de forma plena.<\/p>\n<p>Possu\u00edmos um quadro t\u00e9cnico multidisciplinar, onde arquitetos, engenheiros, corretores, economistas e advogados utilizam-se da sua grande experi\u00eancia de mercado, adquiridos ao longo do tempo, com o objetivo de sempre atender com excel\u00eancia.<\/p>\n<p>Atualmente com sede em S\u00e3o Paulo e com filiais localizadas em Belo Horizonte e Rio de Janeiro, se destaca no mercado Brasileiro como uma das refer\u00eancias no quesito de regulariza\u00e7\u00e3o de ativos imobili\u00e1rios.<\/p>\n","protected":false},"excerpt":{"rendered":"<p>O Grupo SPConsult atua desde 2006 com assessoria t\u00e9cnica em legaliza\u00e7\u00e3o imobili\u00e1ria. Nestes mais de 15 anos, a empresa consolidou-se como refer\u00eancia no mercado imobili\u00e1rio no que se refere a atendimento pautado na responsabilidade, agilidade e a qualidade t\u00e9cnica, diferenciais imprescind\u00edveis para que o nosso cliente sempre esteja com o seu im\u00f3vel em conformidade com<\/p>\n","protected":false},"author":1,"featured_media":224,"parent":0,"menu_order":0,"comment_status":"closed","ping_status":"closed","template":"","meta":{"footnotes":""},"class_list":["post-13","page","type-page","status-publish","has-post-thumbnail","hentry"],"yoast_head":"<!-- This site is optimized with the Yoast SEO plugin v27.4 - https:\/\/yoast.com\/product\/yoast-seo-wordpress\/ -->\n<title>Sobre n\u00f3s | SP Consult<\/title>\n<meta name=\"robots\" content=\"index, follow, max-snippet:-1, max-image-preview:large, max-video-preview:-1\" \/>\n<link rel=\"canonical\" href=\"https:\/\/grupospconsult.com.br\/?page_id=13\" \/>\n<meta property=\"og:locale\" content=\"pt_BR\" \/>\n<meta property=\"og:type\" content=\"article\" \/>\n<meta property=\"og:title\" content=\"Sobre n\u00f3s | SP Consult\" \/>\n<meta property=\"og:description\" content=\"O Grupo SPConsult atua desde 2006 com assessoria t\u00e9cnica em legaliza\u00e7\u00e3o imobili\u00e1ria. Nestes mais de 15 anos, a empresa consolidou-se como refer\u00eancia no mercado imobili\u00e1rio no que se refere a atendimento pautado na responsabilidade, agilidade e a qualidade t\u00e9cnica, diferenciais imprescind\u00edveis para que o nosso cliente sempre esteja com o seu im\u00f3vel em conformidade com\" \/>\n<meta property=\"og:url\" content=\"https:\/\/grupospconsult.com.br\/?page_id=13\" \/>\n<meta property=\"og:site_name\" content=\"SP Consult\" \/>\n<meta property=\"article:modified_time\" content=\"2021-06-23T14:53:39+00:00\" \/>\n<meta property=\"og:image\" content=\"https:\/\/grupospconsult.com.br\/wp-content\/uploads\/2016\/12\/foto_interna.jpg\" \/>\n\t<meta property=\"og:image:width\" content=\"2048\" \/>\n\t<meta property=\"og:image:height\" content=\"1389\" \/>\n\t<meta property=\"og:image:type\" content=\"image\/jpeg\" \/>\n<meta name=\"twitter:card\" content=\"summary_large_image\" \/>\n<meta name=\"twitter:label1\" content=\"Est. tempo de leitura\" \/>\n\t<meta name=\"twitter:data1\" content=\"1 minuto\" \/>\n<script type=\"application\/ld+json\" class=\"yoast-schema-graph\">{\"@context\":\"https:\\\/\\\/schema.org\",\"@graph\":[{\"@type\":\"WebPage\",\"@id\":\"https:\\\/\\\/grupospconsult.com.br\\\/?page_id=13\",\"url\":\"https:\\\/\\\/grupospconsult.com.br\\\/?page_id=13\",\"name\":\"Sobre n\u00f3s | SP Consult\",\"isPartOf\":{\"@id\":\"https:\\\/\\\/grupospconsult.com.br\\\/#website\"},\"primaryImageOfPage\":{\"@id\":\"https:\\\/\\\/grupospconsult.com.br\\\/?page_id=13#primaryimage\"},\"image\":{\"@id\":\"https:\\\/\\\/grupospconsult.com.br\\\/?page_id=13#primaryimage\"},\"thumbnailUrl\":\"https:\\\/\\\/grupospconsult.com.br\\\/wp-content\\\/uploads\\\/2016\\\/12\\\/foto_interna.jpg\",\"datePublished\":\"2016-12-12T18:27:11+00:00\",\"dateModified\":\"2021-06-23T14:53:39+00:00\",\"breadcrumb\":{\"@id\":\"https:\\\/\\\/grupospconsult.com.br\\\/?page_id=13#breadcrumb\"},\"inLanguage\":\"pt-BR\",\"potentialAction\":[{\"@type\":\"ReadAction\",\"target\":[\"https:\\\/\\\/grupospconsult.com.br\\\/?page_id=13\"]}]},{\"@type\":\"ImageObject\",\"inLanguage\":\"pt-BR\",\"@id\":\"https:\\\/\\\/grupospconsult.com.br\\\/?page_id=13#primaryimage\",\"url\":\"https:\\\/\\\/grupospconsult.com.br\\\/wp-content\\\/uploads\\\/2016\\\/12\\\/foto_interna.jpg\",\"contentUrl\":\"https:\\\/\\\/grupospconsult.com.br\\\/wp-content\\\/uploads\\\/2016\\\/12\\\/foto_interna.jpg\",\"width\":2048,\"height\":1389,\"caption\":\"Business Office\"},{\"@type\":\"BreadcrumbList\",\"@id\":\"https:\\\/\\\/grupospconsult.com.br\\\/?page_id=13#breadcrumb\",\"itemListElement\":[{\"@type\":\"ListItem\",\"position\":1,\"name\":\"In\u00edcio\",\"item\":\"https:\\\/\\\/grupospconsult.com.br\\\/\"},{\"@type\":\"ListItem\",\"position\":2,\"name\":\"Sobre n\u00f3s\"}]},{\"@type\":\"WebSite\",\"@id\":\"https:\\\/\\\/grupospconsult.com.br\\\/#website\",\"url\":\"https:\\\/\\\/grupospconsult.com.br\\\/\",\"name\":\"SP Consult\",\"description\":\"Legaliza\u00e7\u00e3o imobili\u00e1ria\",\"potentialAction\":[{\"@type\":\"SearchAction\",\"target\":{\"@type\":\"EntryPoint\",\"urlTemplate\":\"https:\\\/\\\/grupospconsult.com.br\\\/?s={search_term_string}\"},\"query-input\":{\"@type\":\"PropertyValueSpecification\",\"valueRequired\":true,\"valueName\":\"search_term_string\"}}],\"inLanguage\":\"pt-BR\"}]}<\/script>\n<!-- \/ Yoast SEO plugin. -->","yoast_head_json":{"title":"Sobre n\u00f3s | SP Consult","robots":{"index":"index","follow":"follow","max-snippet":"max-snippet:-1","max-image-preview":"max-image-preview:large","max-video-preview":"max-video-preview:-1"},"canonical":"https:\/\/grupospconsult.com.br\/?page_id=13","og_locale":"pt_BR","og_type":"article","og_title":"Sobre n\u00f3s | SP Consult","og_description":"O Grupo SPConsult atua desde 2006 com assessoria t\u00e9cnica em legaliza\u00e7\u00e3o imobili\u00e1ria. Nestes mais de 15 anos, a empresa consolidou-se como refer\u00eancia no mercado imobili\u00e1rio no que se refere a atendimento pautado na responsabilidade, agilidade e a qualidade t\u00e9cnica, diferenciais imprescind\u00edveis para que o nosso cliente sempre esteja com o seu im\u00f3vel em conformidade com","og_url":"https:\/\/grupospconsult.com.br\/?page_id=13","og_site_name":"SP Consult","article_modified_time":"2021-06-23T14:53:39+00:00","og_image":[{"width":2048,"height":1389,"url":"https:\/\/grupospconsult.com.br\/wp-content\/uploads\/2016\/12\/foto_interna.jpg","type":"image\/jpeg"}],"twitter_card":"summary_large_image","twitter_misc":{"Est. tempo de leitura":"1 minuto"},"schema":{"@context":"https:\/\/schema.org","@graph":[{"@type":"WebPage","@id":"https:\/\/grupospconsult.com.br\/?page_id=13","url":"https:\/\/grupospconsult.com.br\/?page_id=13","name":"Sobre n\u00f3s | SP Consult","isPartOf":{"@id":"https:\/\/grupospconsult.com.br\/#website"},"primaryImageOfPage":{"@id":"https:\/\/grupospconsult.com.br\/?page_id=13#primaryimage"},"image":{"@id":"https:\/\/grupospconsult.com.br\/?page_id=13#primaryimage"},"thumbnailUrl":"https:\/\/grupospconsult.com.br\/wp-content\/uploads\/2016\/12\/foto_interna.jpg","datePublished":"2016-12-12T18:27:11+00:00","dateModified":"2021-06-23T14:53:39+00:00","breadcrumb":{"@id":"https:\/\/grupospconsult.com.br\/?page_id=13#breadcrumb"},"inLanguage":"pt-BR","potentialAction":[{"@type":"ReadAction","target":["https:\/\/grupospconsult.com.br\/?page_id=13"]}]},{"@type":"ImageObject","inLanguage":"pt-BR","@id":"https:\/\/grupospconsult.com.br\/?page_id=13#primaryimage","url":"https:\/\/grupospconsult.com.br\/wp-content\/uploads\/2016\/12\/foto_interna.jpg","contentUrl":"https:\/\/grupospconsult.com.br\/wp-content\/uploads\/2016\/12\/foto_interna.jpg","width":2048,"height":1389,"caption":"Business Office"},{"@type":"BreadcrumbList","@id":"https:\/\/grupospconsult.com.br\/?page_id=13#breadcrumb","itemListElement":[{"@type":"ListItem","position":1,"name":"In\u00edcio","item":"https:\/\/grupospconsult.com.br\/"},{"@type":"ListItem","position":2,"name":"Sobre n\u00f3s"}]},{"@type":"WebSite","@id":"https:\/\/grupospconsult.com.br\/#website","url":"https:\/\/grupospconsult.com.br\/","name":"SP Consult","description":"Legaliza\u00e7\u00e3o imobili\u00e1ria","potentialAction":[{"@type":"SearchAction","target":{"@type":"EntryPoint","urlTemplate":"https:\/\/grupospconsult.com.br\/?s={search_term_string}"},"query-input":{"@type":"PropertyValueSpecification","valueRequired":true,"valueName":"search_term_string"}}],"inLanguage":"pt-BR"}]}},"_links":{"self":[{"href":"https:\/\/grupospconsult.com.br\/index.php?rest_route=\/wp\/v2\/pages\/13","targetHints":{"allow":["GET"]}}],"collection":[{"href":"https:\/\/grupospconsult.com.br\/index.php?rest_route=\/wp\/v2\/pages"}],"about":[{"href":"https:\/\/grupospconsult.com.br\/index.php?rest_route=\/wp\/v2\/types\/page"}],"author":[{"embeddable":true,"href":"https:\/\/grupospconsult.com.br\/index.php?rest_route=\/wp\/v2\/users\/1"}],"replies":[{"embeddable":true,"href":"https:\/\/grupospconsult.com.br\/index.php?rest_route=%2Fwp%2Fv2%2Fcomments&post=13"}],"version-history":[{"count":9,"href":"https:\/\/grupospconsult.com.br\/index.php?rest_route=\/wp\/v2\/pages\/13\/revisions"}],"predecessor-version":[{"id":3461,"href":"https:\/\/grupospconsult.com.br\/index.php?rest_route=\/wp\/v2\/pages\/13\/revisions\/3461"}],"wp:featuredmedia":[{"embeddable":true,"href":"https:\/\/grupospconsult.com.br\/index.php?rest_route=\/wp\/v2\/media\/224"}],"wp:attachment":[{"href":"https:\/\/grupospconsult.com.br\/index.php?rest_route=%2Fwp%2Fv2%2Fmedia&parent=13"}],"curies":[{"name":"wp","href":"https:\/\/api.w.org\/{rel}","templated":true}]}}