{"id":10796,"date":"2025-06-30T16:45:31","date_gmt":"2025-06-30T16:45:31","guid":{"rendered":"https:\/\/grupospconsult.com.br\/?page_id=10796"},"modified":"2025-07-14T13:05:08","modified_gmt":"2025-07-14T13:05:08","slug":"canal-de-denuncia","status":"publish","type":"page","link":"https:\/\/grupospconsult.com.br\/?page_id=10796","title":{"rendered":"Canal de Den\u00fancia"},"content":{"rendered":"\t\t<div data-elementor-type=\"wp-page\" data-elementor-id=\"10796\" class=\"elementor elementor-10796\">\n\t\t\t\t\t\t<section class=\"elementor-section elementor-top-section elementor-element elementor-element-3c74518 elementor-section-boxed elementor-section-height-default elementor-section-height-default\" data-id=\"3c74518\" data-element_type=\"section\">\n\t\t\t\t\t\t<div class=\"elementor-container elementor-column-gap-default\">\n\t\t\t\t\t<div class=\"elementor-column elementor-col-100 elementor-top-column elementor-element elementor-element-c558620\" data-id=\"c558620\" data-element_type=\"column\">\n\t\t\t<div class=\"elementor-widget-wrap elementor-element-populated\">\n\t\t\t\t\t\t<div class=\"elementor-element elementor-element-f771101 elementor-widget elementor-widget-text-editor\" data-id=\"f771101\" data-element_type=\"widget\" data-widget_type=\"text-editor.default\">\n\t\t\t\t<div class=\"elementor-widget-container\">\n\t\t\t\t\t\t\t\t\t<p><strong>SUA VOZ \u00c9 ESSENCIAL PARA GARANTIR UM AMBIENTE MAIS SEGURO<br \/><\/strong><strong>E JUSTO PARA TODOS. PREENCHA O FORMUL\u00c1RIO ABAIXO.<\/strong><\/p>\t\t\t\t\t\t\t\t<\/div>\n\t\t\t\t<\/div>\n\t\t\t\t\t<\/div>\n\t\t<\/div>\n\t\t\t\t\t<\/div>\n\t\t<\/section>\n\t\t\t\t<section class=\"elementor-section elementor-top-section elementor-element elementor-element-39dbbb2 elementor-section-boxed elementor-section-height-default elementor-section-height-default\" data-id=\"39dbbb2\" data-element_type=\"section\">\n\t\t\t\t\t\t<div class=\"elementor-container elementor-column-gap-default\">\n\t\t\t\t\t<div class=\"elementor-column elementor-col-100 elementor-top-column elementor-element elementor-element-ad62473\" data-id=\"ad62473\" data-element_type=\"column\">\n\t\t\t<div class=\"elementor-widget-wrap elementor-element-populated\">\n\t\t\t\t\t\t<div class=\"elementor-element elementor-element-8415a62 elementor-widget-divider--view-line elementor-widget elementor-widget-divider\" data-id=\"8415a62\" data-element_type=\"widget\" data-widget_type=\"divider.default\">\n\t\t\t\t<div class=\"elementor-widget-container\">\n\t\t\t\t\t\t\t<div class=\"elementor-divider\">\n\t\t\t<span class=\"elementor-divider-separator\">\n\t\t\t\t\t\t<\/span>\n\t\t<\/div>\n\t\t\t\t\t\t<\/div>\n\t\t\t\t<\/div>\n\t\t\t\t\t<\/div>\n\t\t<\/div>\n\t\t\t\t\t<\/div>\n\t\t<\/section>\n\t\t\t\t<section class=\"elementor-section elementor-top-section elementor-element elementor-element-1d80886 elementor-section-boxed elementor-section-height-default elementor-section-height-default\" data-id=\"1d80886\" data-element_type=\"section\">\n\t\t\t\t\t\t<div class=\"elementor-container elementor-column-gap-default\">\n\t\t\t\t\t<div class=\"elementor-column elementor-col-100 elementor-top-column elementor-element elementor-element-26f03f7\" data-id=\"26f03f7\" data-element_type=\"column\">\n\t\t\t<div class=\"elementor-widget-wrap elementor-element-populated\">\n\t\t\t\t\t\t<div class=\"elementor-element elementor-element-6b049c0 elementor-widget elementor-widget-text-editor\" data-id=\"6b049c0\" data-element_type=\"widget\" data-widget_type=\"text-editor.default\">\n\t\t\t\t<div class=\"elementor-widget-container\">\n\t\t\t\t\t\t\t\t\t<p>Garantimos total sigilo em rela\u00e7\u00e3o a todas as den\u00fancias recebidas, sua<br \/>identidade e as informa\u00e7\u00f5es fornecidas ser\u00e3o tratadas com<br \/>confidencialidade, para que voc\u00ea possa relatar situa\u00e7\u00f5es de irregularidade,<br \/>abuso ou qualquer outro comportamento inadequado sem receios.<\/p>\t\t\t\t\t\t\t\t<\/div>\n\t\t\t\t<\/div>\n\t\t\t\t\t<\/div>\n\t\t<\/div>\n\t\t\t\t\t<\/div>\n\t\t<\/section>\n\t\t\t\t<section class=\"elementor-section elementor-top-section elementor-element elementor-element-45aebf7 elementor-section-boxed elementor-section-height-default elementor-section-height-default\" data-id=\"45aebf7\" data-element_type=\"section\" data-settings=\"{&quot;background_background&quot;:&quot;classic&quot;}\">\n\t\t\t\t\t\t<div class=\"elementor-container elementor-column-gap-default\">\n\t\t\t\t\t<div class=\"elementor-column elementor-col-100 elementor-top-column elementor-element elementor-element-4baabc8\" data-id=\"4baabc8\" data-element_type=\"column\">\n\t\t\t<div class=\"elementor-widget-wrap elementor-element-populated\">\n\t\t\t\t\t\t<div class=\"elementor-element elementor-element-8dc8d50 elementor-widget elementor-widget-shortcode\" data-id=\"8dc8d50\" data-element_type=\"widget\" data-widget_type=\"shortcode.default\">\n\t\t\t\t<div class=\"elementor-widget-container\">\n\t\t\t\t\t\t\t<div class=\"elementor-shortcode\">\n<div class=\"wpcf7 no-js\" id=\"wpcf7-f10806-o1\" lang=\"en-US\" dir=\"ltr\" data-wpcf7-id=\"10806\">\n<div class=\"screen-reader-response\"><p role=\"status\" aria-live=\"polite\" aria-atomic=\"true\"><\/p> <ul><\/ul><\/div>\n<form action=\"\/index.php?rest_route=%2Fwp%2Fv2%2Fpages%2F10796#wpcf7-f10806-o1\" method=\"post\" class=\"wpcf7-form init\" aria-label=\"Contact form\" enctype=\"multipart\/form-data\" novalidate=\"novalidate\" data-status=\"init\">\n<fieldset class=\"hidden-fields-container\"><input type=\"hidden\" name=\"_wpcf7\" value=\"10806\" \/><input type=\"hidden\" name=\"_wpcf7_version\" value=\"6.1.1\" \/><input type=\"hidden\" name=\"_wpcf7_locale\" value=\"en_US\" \/><input type=\"hidden\" name=\"_wpcf7_unit_tag\" value=\"wpcf7-f10806-o1\" \/><input type=\"hidden\" name=\"_wpcf7_container_post\" value=\"0\" \/><input type=\"hidden\" name=\"_wpcf7_posted_data_hash\" value=\"\" \/><input type=\"hidden\" name=\"_wpcf7_recaptcha_response\" value=\"\" \/>\n<\/fieldset>\n<div class=\"row\">\n\t<div class=\"col-sm-6\">\n\t\t<p>Deseja se identificar?<br \/>\n<span class=\"wpcf7-form-control-wrap\" data-name=\"identificacao\"><span class=\"wpcf7-form-control wpcf7-radio form-control\"><span class=\"wpcf7-list-item first\"><input type=\"radio\" name=\"identificacao\" value=\"Sim\" checked=\"checked\" \/><span class=\"wpcf7-list-item-label\">Sim<\/span><\/span><span class=\"wpcf7-list-item last\"><input type=\"radio\" name=\"identificacao\" value=\"N\u00e3o\" \/><span class=\"wpcf7-list-item-label\">N\u00e3o<\/span><\/span><\/span><\/span>\n\t\t<\/p>\n\t<\/div>\n<\/div>\n<div class=\"row\">\n\t<div class=\"col-sm-6\">\n\t\t<p><span class=\"wpcf7-form-control-wrap\" data-name=\"your-name\"><input size=\"40\" maxlength=\"400\" class=\"wpcf7-form-control wpcf7-text form-control\" aria-invalid=\"false\" placeholder=\"Nome completo\" value=\"\" type=\"text\" name=\"your-name\" \/><\/span>\n\t\t<\/p>\n\t<\/div>\n\t<div class=\"col-sm-6\">\n\t\t<p><span class=\"wpcf7-form-control-wrap\" data-name=\"your-cpf\"><input size=\"40\" maxlength=\"400\" class=\"wpcf7-form-control wpcf7-text form-control\" aria-invalid=\"false\" placeholder=\"CPF\" value=\"\" type=\"text\" name=\"your-cpf\" \/><\/span>\n\t\t<\/p>\n\t<\/div>\n<\/div>\n<div class=\"row\">\n\t<div class=\"col-sm-6\">\n\t\t<p><span class=\"wpcf7-form-control-wrap\" data-name=\"your-tel\"><input size=\"40\" maxlength=\"400\" class=\"wpcf7-form-control wpcf7-tel wpcf7-text wpcf7-validates-as-tel form-control\" aria-invalid=\"false\" placeholder=\"Telefone\" value=\"\" type=\"tel\" name=\"your-tel\" \/><\/span>\n\t\t<\/p>\n\t<\/div>\n\t<div class=\"col-sm-6\">\n\t\t<p><span class=\"wpcf7-form-control-wrap\" data-name=\"your-email\"><input size=\"40\" maxlength=\"400\" class=\"wpcf7-form-control wpcf7-email wpcf7-text wpcf7-validates-as-email form-control\" aria-invalid=\"false\" placeholder=\"E-mail\" value=\"\" type=\"email\" name=\"your-email\" \/><\/span>\n\t\t<\/p>\n\t<\/div>\n<\/div>\n<div class=\"row\">\n\t<div class=\"col-sm-6\">\n\t\t<p><span class=\"wpcf7-form-control-wrap\" data-name=\"your-relationship\"><select class=\"wpcf7-form-control wpcf7-select wpcf7-validates-as-required form-control w-100\" id=\"relacionamento\" aria-required=\"true\" aria-invalid=\"false\" name=\"your-relationship\"><option value=\"Tipo de Relacionamento\">Tipo de Relacionamento<\/option><option value=\"Colaborador\">Colaborador<\/option><option value=\"Cliente\">Cliente<\/option><option value=\"Parceiro\">Parceiro<\/option><option value=\"Fornecedor\">Fornecedor<\/option><option value=\"Outros\">Outros<\/option><\/select><\/span>\n\t\t<\/p>\n\t<\/div>\n\t<div class=\"col-sm-6\">\n\t\t<p><span class=\"wpcf7-form-control-wrap\" data-name=\"your-manifestation\"><select class=\"wpcf7-form-control wpcf7-select wpcf7-validates-as-required form-control w-100\" id=\"manifestacao\" aria-required=\"true\" aria-invalid=\"false\" name=\"your-manifestation\"><option value=\"Tipo de Manifesta\u00e7\u00e3o\">Tipo de Manifesta\u00e7\u00e3o<\/option><option value=\"Den\u00fancia-Roubo\">Den\u00fancia-Roubo<\/option><option value=\"Fraude\">Fraude<\/option><option value=\"Corrup\u00e7\u00e3o\">Corrup\u00e7\u00e3o<\/option><option value=\"Ass\u00e9dio\">Ass\u00e9dio<\/option><option value=\"Outros\">Outros<\/option><\/select><\/span>\n\t\t<\/p>\n\t<\/div>\n<\/div>\n<p><span class=\"wpcf7-form-control-wrap\" data-name=\"your-message\"><textarea cols=\"40\" rows=\"10\" maxlength=\"2000\" class=\"wpcf7-form-control wpcf7-textarea form-control w-100\" aria-invalid=\"false\" placeholder=\"Descreva sobre o assunto\" name=\"your-message\"><\/textarea><\/span>\n<\/p>\n<p><span class=\"wpcf7-form-control-wrap\" data-name=\"your-reason\"><textarea cols=\"40\" rows=\"10\" maxlength=\"2000\" class=\"wpcf7-form-control wpcf7-textarea form-control w-100\" aria-invalid=\"false\" placeholder=\"Por que est\u00e1 encaminhando o assunto para este canal de comunica\u00e7\u00e3o?\" name=\"your-reason\"><\/textarea><\/span>\n<\/p>\n<p>Deseja efetuar o upload do arquivo?<br \/>\n<span class=\"wpcf7-form-control-wrap\" data-name=\"file\"><input size=\"40\" class=\"wpcf7-form-control wpcf7-file\" accept=\"audio\/*,video\/*,image\/*\" aria-invalid=\"false\" type=\"file\" name=\"file\" \/><\/span>\n<\/p>\n<span class=\"wpcf7-form-control-wrap recaptcha\" data-name=\"recaptcha\"><span data-sitekey=\"6Ld1vscrAAAAAFxVrUTeBZawAbs9fVZqUnANiyQm\" class=\"wpcf7-form-control wpcf7-recaptcha g-recaptcha\"><\/span>\r\n<noscript>\r\n\t<div class=\"grecaptcha-noscript\">\r\n\t\t<iframe src=\"https:\/\/www.google.com\/recaptcha\/api\/fallback?k=6Ld1vscrAAAAAFxVrUTeBZawAbs9fVZqUnANiyQm\" frameborder=\"0\" scrolling=\"no\" width=\"310\" height=\"430\">\r\n\t\t<\/iframe>\r\n\t\t<textarea name=\"g-recaptcha-response\" rows=\"3\" cols=\"40\" placeholder=\"reCaptcha Response Here\">\r\n\t\t<\/textarea>\r\n\t<\/div>\r\n<\/noscript>\r\n<\/span>\n<p><input class=\"wpcf7-form-control wpcf7-submit has-spinner btn btn-success\" type=\"submit\" value=\"Enviar\" \/>\n<\/p><div class=\"wpcf7-response-output\" aria-hidden=\"true\"><\/div>\n<\/form>\n<\/div>\n<\/div>\n\t\t\t\t\t\t<\/div>\n\t\t\t\t<\/div>\n\t\t\t\t\t<\/div>\n\t\t<\/div>\n\t\t\t\t\t<\/div>\n\t\t<\/section>\n\t\t\t\t<\/div>\n\t\t","protected":false},"excerpt":{"rendered":"<p>SUA VOZ \u00c9 ESSENCIAL PARA GARANTIR UM AMBIENTE MAIS SEGUROE JUSTO PARA TODOS. PREENCHA O FORMUL\u00c1RIO ABAIXO. Garantimos total sigilo em rela\u00e7\u00e3o a todas as den\u00fancias recebidas, suaidentidade e as informa\u00e7\u00f5es fornecidas ser\u00e3o tratadas comconfidencialidade, para que voc\u00ea possa relatar situa\u00e7\u00f5es de irregularidade,abuso ou qualquer outro comportamento inadequado sem receios.<\/p>\n","protected":false},"author":5,"featured_media":0,"parent":0,"menu_order":0,"comment_status":"closed","ping_status":"closed","template":"elementor_header_footer","meta":{"footnotes":""},"class_list":["post-10796","page","type-page","status-publish","hentry"],"yoast_head":"<!-- This site is optimized with the Yoast SEO plugin v25.8 - https:\/\/yoast.com\/wordpress\/plugins\/seo\/ -->\n<title>Canal de Den\u00fancia | SP Consult<\/title>\n<meta name=\"robots\" content=\"index, follow, max-snippet:-1, max-image-preview:large, max-video-preview:-1\" \/>\n<link rel=\"canonical\" href=\"https:\/\/grupospconsult.com.br\/?page_id=10796\" \/>\n<meta property=\"og:locale\" content=\"pt_BR\" \/>\n<meta property=\"og:type\" content=\"article\" \/>\n<meta property=\"og:title\" content=\"Canal de Den\u00fancia | SP Consult\" \/>\n<meta property=\"og:description\" content=\"SUA VOZ \u00c9 ESSENCIAL PARA GARANTIR UM AMBIENTE MAIS SEGUROE JUSTO PARA TODOS. PREENCHA O FORMUL\u00c1RIO ABAIXO. Garantimos total sigilo em rela\u00e7\u00e3o a todas as den\u00fancias recebidas, suaidentidade e as informa\u00e7\u00f5es fornecidas ser\u00e3o tratadas comconfidencialidade, para que voc\u00ea possa relatar situa\u00e7\u00f5es de irregularidade,abuso ou qualquer outro comportamento inadequado sem receios.\" \/>\n<meta property=\"og:url\" content=\"https:\/\/grupospconsult.com.br\/?page_id=10796\" \/>\n<meta property=\"og:site_name\" content=\"SP Consult\" \/>\n<meta property=\"article:modified_time\" content=\"2025-07-14T13:05:08+00:00\" \/>\n<meta name=\"twitter:card\" content=\"summary_large_image\" \/>\n<script type=\"application\/ld+json\" class=\"yoast-schema-graph\">{\"@context\":\"https:\/\/schema.org\",\"@graph\":[{\"@type\":\"WebPage\",\"@id\":\"https:\/\/grupospconsult.com.br\/?page_id=10796\",\"url\":\"https:\/\/grupospconsult.com.br\/?page_id=10796\",\"name\":\"Canal de Den\u00fancia | SP Consult\",\"isPartOf\":{\"@id\":\"https:\/\/grupospconsult.com.br\/#website\"},\"datePublished\":\"2025-06-30T16:45:31+00:00\",\"dateModified\":\"2025-07-14T13:05:08+00:00\",\"breadcrumb\":{\"@id\":\"https:\/\/grupospconsult.com.br\/?page_id=10796#breadcrumb\"},\"inLanguage\":\"pt-BR\",\"potentialAction\":[{\"@type\":\"ReadAction\",\"target\":[\"https:\/\/grupospconsult.com.br\/?page_id=10796\"]}]},{\"@type\":\"BreadcrumbList\",\"@id\":\"https:\/\/grupospconsult.com.br\/?page_id=10796#breadcrumb\",\"itemListElement\":[{\"@type\":\"ListItem\",\"position\":1,\"name\":\"In\u00edcio\",\"item\":\"https:\/\/grupospconsult.com.br\/\"},{\"@type\":\"ListItem\",\"position\":2,\"name\":\"Canal de Den\u00fancia\"}]},{\"@type\":\"WebSite\",\"@id\":\"https:\/\/grupospconsult.com.br\/#website\",\"url\":\"https:\/\/grupospconsult.com.br\/\",\"name\":\"SP Consult\",\"description\":\"Legaliza\u00e7\u00e3o imobili\u00e1ria\",\"potentialAction\":[{\"@type\":\"SearchAction\",\"target\":{\"@type\":\"EntryPoint\",\"urlTemplate\":\"https:\/\/grupospconsult.com.br\/?s={search_term_string}\"},\"query-input\":{\"@type\":\"PropertyValueSpecification\",\"valueRequired\":true,\"valueName\":\"search_term_string\"}}],\"inLanguage\":\"pt-BR\"}]}<\/script>\n<!-- \/ Yoast SEO plugin. -->","yoast_head_json":{"title":"Canal de Den\u00fancia | SP Consult","robots":{"index":"index","follow":"follow","max-snippet":"max-snippet:-1","max-image-preview":"max-image-preview:large","max-video-preview":"max-video-preview:-1"},"canonical":"https:\/\/grupospconsult.com.br\/?page_id=10796","og_locale":"pt_BR","og_type":"article","og_title":"Canal de Den\u00fancia | SP Consult","og_description":"SUA VOZ \u00c9 ESSENCIAL PARA GARANTIR UM AMBIENTE MAIS SEGUROE JUSTO PARA TODOS. PREENCHA O FORMUL\u00c1RIO ABAIXO. Garantimos total sigilo em rela\u00e7\u00e3o a todas as den\u00fancias recebidas, suaidentidade e as informa\u00e7\u00f5es fornecidas ser\u00e3o tratadas comconfidencialidade, para que voc\u00ea possa relatar situa\u00e7\u00f5es de irregularidade,abuso ou qualquer outro comportamento inadequado sem receios.","og_url":"https:\/\/grupospconsult.com.br\/?page_id=10796","og_site_name":"SP Consult","article_modified_time":"2025-07-14T13:05:08+00:00","twitter_card":"summary_large_image","schema":{"@context":"https:\/\/schema.org","@graph":[{"@type":"WebPage","@id":"https:\/\/grupospconsult.com.br\/?page_id=10796","url":"https:\/\/grupospconsult.com.br\/?page_id=10796","name":"Canal de Den\u00fancia | SP Consult","isPartOf":{"@id":"https:\/\/grupospconsult.com.br\/#website"},"datePublished":"2025-06-30T16:45:31+00:00","dateModified":"2025-07-14T13:05:08+00:00","breadcrumb":{"@id":"https:\/\/grupospconsult.com.br\/?page_id=10796#breadcrumb"},"inLanguage":"pt-BR","potentialAction":[{"@type":"ReadAction","target":["https:\/\/grupospconsult.com.br\/?page_id=10796"]}]},{"@type":"BreadcrumbList","@id":"https:\/\/grupospconsult.com.br\/?page_id=10796#breadcrumb","itemListElement":[{"@type":"ListItem","position":1,"name":"In\u00edcio","item":"https:\/\/grupospconsult.com.br\/"},{"@type":"ListItem","position":2,"name":"Canal de Den\u00fancia"}]},{"@type":"WebSite","@id":"https:\/\/grupospconsult.com.br\/#website","url":"https:\/\/grupospconsult.com.br\/","name":"SP Consult","description":"Legaliza\u00e7\u00e3o imobili\u00e1ria","potentialAction":[{"@type":"SearchAction","target":{"@type":"EntryPoint","urlTemplate":"https:\/\/grupospconsult.com.br\/?s={search_term_string}"},"query-input":{"@type":"PropertyValueSpecification","valueRequired":true,"valueName":"search_term_string"}}],"inLanguage":"pt-BR"}]}},"_links":{"self":[{"href":"https:\/\/grupospconsult.com.br\/index.php?rest_route=\/wp\/v2\/pages\/10796","targetHints":{"allow":["GET"]}}],"collection":[{"href":"https:\/\/grupospconsult.com.br\/index.php?rest_route=\/wp\/v2\/pages"}],"about":[{"href":"https:\/\/grupospconsult.com.br\/index.php?rest_route=\/wp\/v2\/types\/page"}],"author":[{"embeddable":true,"href":"https:\/\/grupospconsult.com.br\/index.php?rest_route=\/wp\/v2\/users\/5"}],"replies":[{"embeddable":true,"href":"https:\/\/grupospconsult.com.br\/index.php?rest_route=%2Fwp%2Fv2%2Fcomments&post=10796"}],"version-history":[{"count":13,"href":"https:\/\/grupospconsult.com.br\/index.php?rest_route=\/wp\/v2\/pages\/10796\/revisions"}],"predecessor-version":[{"id":10903,"href":"https:\/\/grupospconsult.com.br\/index.php?rest_route=\/wp\/v2\/pages\/10796\/revisions\/10903"}],"wp:attachment":[{"href":"https:\/\/grupospconsult.com.br\/index.php?rest_route=%2Fwp%2Fv2%2Fmedia&parent=10796"}],"curies":[{"name":"wp","href":"https:\/\/api.w.org\/{rel}","templated":true}]}}